{"id":871125302578,"date":"2019-08-25T15:39:34","date_gmt":"2019-08-25T14:39:34","guid":{"rendered":"https:\/\/mskasolutions.com\/produit\/glass-cleaner-500ml\/"},"modified":"2023-07-22T12:52:38","modified_gmt":"2023-07-22T11:52:38","slug":"elina-clean-car-professional-auto-glass-cleaner","status":"publish","type":"product","link":"https:\/\/mskasolutions.com\/fr\/produit\/elina-clean-car-professional-auto-glass-cleaner\/","title":{"rendered":"Nettoyant pour vitres 0.5l \/ 500ml de Elina Clean"},"content":{"rendered":"<p><strong>\u00a0Car Professional Nettoyant pour vitres d&rsquo;automobiles 0.5L<\/strong><\/p>\n<p>Le nettoyant pour vitres \/ fen\u00eatres nettoie rapidement et sans traces toutes les surfaces lisses.<\/p>\n<p>Application : Vaporiser le nettoyant sur la vitre ou le verre et essuyer avec un chiffon sec non pelucheux.<\/p>\n<p>Pour les petites surfaces peintes, vaporiser le nettoyant sur un chiffon humide et essuyer.<\/p>\n<p><strong>Remarque :<\/strong> Tenir hors de port\u00e9e des enfants. Ne pas respirer le produit. \u00c9viter tout contact avec les yeux ou la peau. En cas de contact avec les yeux, laver imm\u00e9diatement avec de l&rsquo;eau et consulter un m\u00e9decin.<\/p>\n<p>imm\u00e9diatement avec de l&rsquo;eau et consulter un m\u00e9decin. En cas d&rsquo;ingestion, consulter imm\u00e9diatement un m\u00e9decin<\/p>","protected":false},"excerpt":{"rendered":"<p><strong>Elina Clean Car Professional Nettoyant pour vitres d&rsquo;automobiles 0.5L<\/strong><\/p>\n<p>Le nettoyant pour vitres \/ fen\u00eatres nettoie rapidement et sans traces toutes les surfaces lisses.<\/p>\n<p>Application : Vaporiser le nettoyant sur la vitre ou le verre et essuyer avec un chiffon sec non pelucheux.<\/p>\n<p>Pour les petites surfaces peintes, vaporiser le nettoyant sur un chiffon humide et essuyer.<\/p>\n<p><span id=\"result_box\" class=\"\" lang=\"fr\"><span class=\"\">\u00a0<\/span><\/span><\/p>\n","protected":false},"featured_media":871125307089,"template":"","meta":[],"product_brand":[],"product_cat":[108,233,215],"product_tag":[219,176,197],"class_list":{"0":"post-871125302578","1":"product","2":"type-product","3":"status-publish","4":"has-post-thumbnail","6":"product_cat-non-classe","7":"product_cat-outils","8":"product_cat-promo","9":"product_tag-accesoires-auto","10":"product_tag-entretien-de-la-voiture","11":"product_tag-promo-2","12":"product_shipping_class-small-item-gls-only","14":"first","15":"instock","16":"sale","17":"taxable","18":"shipping-taxable","19":"purchasable","20":"product-type-simple"},"_links":{"self":[{"href":"https:\/\/mskasolutions.com\/fr\/wp-json\/wp\/v2\/product\/871125302578","targetHints":{"allow":["GET"]}}],"collection":[{"href":"https:\/\/mskasolutions.com\/fr\/wp-json\/wp\/v2\/product"}],"about":[{"href":"https:\/\/mskasolutions.com\/fr\/wp-json\/wp\/v2\/types\/product"}],"wp:featuredmedia":[{"embeddable":true,"href":"https:\/\/mskasolutions.com\/fr\/wp-json\/wp\/v2\/media\/871125307089"}],"wp:attachment":[{"href":"https:\/\/mskasolutions.com\/fr\/wp-json\/wp\/v2\/media?parent=871125302578"}],"wp:term":[{"taxonomy":"product_brand","embeddable":true,"href":"https:\/\/mskasolutions.com\/fr\/wp-json\/wp\/v2\/product_brand?post=871125302578"},{"taxonomy":"product_cat","embeddable":true,"href":"https:\/\/mskasolutions.com\/fr\/wp-json\/wp\/v2\/product_cat?post=871125302578"},{"taxonomy":"product_tag","embeddable":true,"href":"https:\/\/mskasolutions.com\/fr\/wp-json\/wp\/v2\/product_tag?post=871125302578"}],"curies":[{"name":"wp","href":"https:\/\/api.w.org\/{rel}","templated":true}]}}