{"id":871125302559,"date":"2019-08-25T15:38:21","date_gmt":"2019-08-25T14:38:21","guid":{"rendered":"https:\/\/mskasolutions.com\/produit\/systeme-de-compression-dair-en-metal-12v-de-dunlop\/"},"modified":"2025-05-22T11:17:53","modified_gmt":"2025-05-22T10:17:53","slug":"metal-12v-dunlop","status":"publish","type":"product","link":"https:\/\/mskasolutions.com\/fr\/produit\/metal-12v-dunlop\/","title":{"rendered":"Syst\u00e8me de compression d&rsquo;air en m\u00e9tal &#8211; 12V &#8211; 7 bar &#8211; 100 PSIde DUNLOP"},"content":{"rendered":"<p>Le compresseur d&rsquo;air Dunlop est id\u00e9al pour une utilisation en cas de panne, ou pour un usage domestique sur la plupart des types de pneus de voiture. Vous pouvez \u00e9galement gonfler des ballons de football, des matelas pneumatiques et des pneus de bicyclettes. Ce compresseur peut g\u00e9n\u00e9rer une pression maximale de 7 bars et 100 PSI. Le long c\u00e2ble de raccordement se branche simplement sur l&rsquo;allume-cigare.<\/p>\n<p><strong>Avantages<\/strong><\/p>\n<p>3 accessoires inclus<br \/>\nUtile dans de nombreuses situations<br \/>\nGrande longueur du c\u00e2ble de raccordement<\/p>\n<p><strong>Caract\u00e9ristiques techniques<\/strong><\/p>\n<p>Marque : Dunlop<br \/>\nType de produit Compresseur d&rsquo;air<br \/>\nTension 12 V<br \/>\nPression maximale 100 PSI \/ 7 Bar<br \/>\nLongueur du c\u00e2ble 2,85 m\u00e8tres<\/p>","protected":false},"excerpt":{"rendered":"<p>Le compresseur d&rsquo;air Dunlop est id\u00e9al pour une utilisation en cas de panne, ou pour un usage domestique sur la plupart des types de pneus de voiture. Vous pouvez \u00e9galement gonfler des ballons de football, des matelas pneumatiques et des pneus de bicyclettes. Ce compresseur peut g\u00e9n\u00e9rer une pression maximale de 7 bars et 100 PSI. Le long c\u00e2ble de raccordement se branche simplement sur l&rsquo;allume-cigare.<\/p>\n<p><strong>Avantages<\/strong><\/p>\n<p>3 accessoires inclus<br \/>\nUtile dans de nombreuses situations<br \/>\nGrande longueur du c\u00e2ble de raccordement<\/p>\n<p><strong>Caract\u00e9ristiques techniques<\/strong><\/p>\n<p>Marque : Dunlop<br \/>\nType de produit Compresseur d&rsquo;air<br \/>\nTension 12 V<br \/>\nPression maximale 100 PSI \/ 7 Bar<br \/>\nLongueur du c\u00e2ble 2,85 m\u00e8tres<\/p>\n","protected":false},"featured_media":871125307300,"template":"","meta":[],"product_brand":[],"product_cat":[108],"product_tag":[177,187,180,197],"class_list":{"0":"post-871125302559","1":"product","2":"type-product","3":"status-publish","4":"has-post-thumbnail","6":"product_cat-non-classe","7":"product_tag-accessoires-auto","8":"product_tag-dunlop","9":"product_tag-pompes-et-compresseurs","10":"product_tag-promo-2","11":"product_shipping_class-medium-item-gls-only","13":"first","14":"instock","15":"sale","16":"taxable","17":"shipping-taxable","18":"purchasable","19":"product-type-simple"},"_links":{"self":[{"href":"https:\/\/mskasolutions.com\/fr\/wp-json\/wp\/v2\/product\/871125302559","targetHints":{"allow":["GET"]}}],"collection":[{"href":"https:\/\/mskasolutions.com\/fr\/wp-json\/wp\/v2\/product"}],"about":[{"href":"https:\/\/mskasolutions.com\/fr\/wp-json\/wp\/v2\/types\/product"}],"wp:featuredmedia":[{"embeddable":true,"href":"https:\/\/mskasolutions.com\/fr\/wp-json\/wp\/v2\/media\/871125307300"}],"wp:attachment":[{"href":"https:\/\/mskasolutions.com\/fr\/wp-json\/wp\/v2\/media?parent=871125302559"}],"wp:term":[{"taxonomy":"product_brand","embeddable":true,"href":"https:\/\/mskasolutions.com\/fr\/wp-json\/wp\/v2\/product_brand?post=871125302559"},{"taxonomy":"product_cat","embeddable":true,"href":"https:\/\/mskasolutions.com\/fr\/wp-json\/wp\/v2\/product_cat?post=871125302559"},{"taxonomy":"product_tag","embeddable":true,"href":"https:\/\/mskasolutions.com\/fr\/wp-json\/wp\/v2\/product_tag?post=871125302559"}],"curies":[{"name":"wp","href":"https:\/\/api.w.org\/{rel}","templated":true}]}}