{"id":871125302557,"date":"2019-08-25T15:38:13","date_gmt":"2019-08-25T14:38:13","guid":{"rendered":"https:\/\/mskasolutions.com\/produit\/warning-triangle-e11\/"},"modified":"2023-03-09T17:10:13","modified_gmt":"2023-03-09T17:10:13","slug":"warning-triangle-e11","status":"publish","type":"product","link":"https:\/\/mskasolutions.com\/fr\/produit\/warning-triangle-e11\/","title":{"rendered":"Triangle Signalisation Avertissement Accident Voiture S\u00e9curit\u00e9 Routi\u00e8re Norme CE"},"content":{"rendered":"<p>Triangle de signalisation<\/p>\n<ul>\n<li>Id\u00e9al pour avertir les autres conducteurs que votre voiture est en panne.<\/li>\n<li>Le triangle r\u00e9fl\u00e9chissant assure une visibilit\u00e9 optimale<\/li>\n<li>Conforme aux r\u00e9glementations fran\u00e7aises et europ\u00e9ennes \/ Exigences l\u00e9gales dans de nombreux pays europ\u00e9ens<\/li>\n<li>Conception robuste emp\u00eachant le basculement en cas de vent fort.<\/li>\n<li>Dimensions : 43 x 43 x 43 cm<\/li>\n<li>Bo\u00eete de transport pratique pour un transport et un stockage sans effort<\/li>\n<\/ul>\n<p>Ce triangle de signalisation est un outil pratique pour avertir les autres conducteurs que votre voiture est en panne, car il est hautement r\u00e9fl\u00e9chissant et assure une visibilit\u00e9 optimale. En outre, sa conception robuste l&#8217;emp\u00eache de se renverser en cas de vent fort. Le triangle de signalisation est conforme \u00e0 la r\u00e9glementation europ\u00e9enne et est obligatoire dans les pays europ\u00e9ens suivants : France, Belgique, Italie, Autriche, Suisse et Pologne. En Espagne, vous devez disposer de 2 triangles de signalisation. Ce produit est livr\u00e9 dans une bo\u00eete de transport pratique pour un transport et un stockage sans effort.<\/p>\n<p>Triangle de r\u00e9gulation E11 27R-033971<\/p>","protected":false},"excerpt":{"rendered":"<ul>\n<li><span id=\"result_box\" class=\"\" lang=\"fr\">Id\u00e9al pour alerter les autres conducteurs que votre voiture est en panne<\/span><\/li>\n<li><span id=\"result_box\" class=\"\" lang=\"fr\">Le triangle r\u00e9fl\u00e9chissant assure une visibilit\u00e9 ultime<\/span><\/li>\n<li><span id=\"result_box\" class=\"\" lang=\"fr\">Conforme aux r\u00e9glementations fran\u00e7aises et europ\u00e9ennes \/ Exigences l\u00e9gales dans de nombreux pays europ\u00e9ens<\/span><\/li>\n<li><span id=\"result_box\" class=\"\" lang=\"fr\">Conception robuste emp\u00eachant le renversement par vent fort<\/span><\/li>\n<li><span id=\"result_box\" class=\"\" lang=\"fr\"><span class=\"\">Bo\u00eete de transport pratique pour un transport et un stockage sans effort<\/span><\/span><\/li>\n<\/ul>\n<p><strong>Tout Tour triangle avec des marques et la coque<\/strong><\/p>\n<p>Triangle de r\u00e9gulation E11 27R-033971<\/p>\n","protected":false},"featured_media":871125301997,"template":"","meta":[],"product_brand":[],"product_cat":[119],"product_tag":[177,232,199],"class_list":{"0":"post-871125302557","1":"product","2":"type-product","3":"status-publish","4":"has-post-thumbnail","6":"product_cat-hot","7":"product_tag-accessoires-auto","8":"product_tag-benson","9":"product_tag-security","10":"product_shipping_class-small-item-gls-only","12":"first","13":"instock","14":"sale","15":"taxable","16":"shipping-taxable","17":"purchasable","18":"product-type-simple"},"_links":{"self":[{"href":"https:\/\/mskasolutions.com\/fr\/wp-json\/wp\/v2\/product\/871125302557","targetHints":{"allow":["GET"]}}],"collection":[{"href":"https:\/\/mskasolutions.com\/fr\/wp-json\/wp\/v2\/product"}],"about":[{"href":"https:\/\/mskasolutions.com\/fr\/wp-json\/wp\/v2\/types\/product"}],"wp:featuredmedia":[{"embeddable":true,"href":"https:\/\/mskasolutions.com\/fr\/wp-json\/wp\/v2\/media\/871125301997"}],"wp:attachment":[{"href":"https:\/\/mskasolutions.com\/fr\/wp-json\/wp\/v2\/media?parent=871125302557"}],"wp:term":[{"taxonomy":"product_brand","embeddable":true,"href":"https:\/\/mskasolutions.com\/fr\/wp-json\/wp\/v2\/product_brand?post=871125302557"},{"taxonomy":"product_cat","embeddable":true,"href":"https:\/\/mskasolutions.com\/fr\/wp-json\/wp\/v2\/product_cat?post=871125302557"},{"taxonomy":"product_tag","embeddable":true,"href":"https:\/\/mskasolutions.com\/fr\/wp-json\/wp\/v2\/product_tag?post=871125302557"}],"curies":[{"name":"wp","href":"https:\/\/api.w.org\/{rel}","templated":true}]}}