{"id":871125302538,"date":"2019-08-25T15:34:54","date_gmt":"2019-08-25T14:34:54","guid":{"rendered":"https:\/\/mskasolutions.com\/produit\/sunshade-metallic-white\/"},"modified":"2022-03-20T13:51:09","modified_gmt":"2022-03-20T13:51:09","slug":"sunshade-metallic","status":"publish","type":"product","link":"https:\/\/mskasolutions.com\/fr\/produit\/sunshade-metallic\/","title":{"rendered":"Pare-soleil de voiture Dunlop, r\u00e9flexion des rayons du soleil \u00e0 100%."},"content":{"rendered":"<p><span id=\"result_box\" class=\"\" lang=\"fr\"><span class=\"\">Parasol Dunlop Metallic, refl\u00e8te le soleil 100%<\/span><\/span><\/p>\n<p>Taille: 130cm x 60cm<\/p>\n<p>Comprend 2 supports d&rsquo;aspiration<\/p>\n<p><span class=\"\">Mat\u00e9riel: Devant r\u00e9fl\u00e9chissant argent\u00e9 avec support en mousse<\/span><\/p>","protected":false},"excerpt":{"rendered":"<p><span id=\"result_box\" class=\"\" lang=\"fr\"><span class=\"\">Parasol Dunlop Metallic, refl\u00e8te le soleil 100%<\/span><\/span><\/p>\n<p>Taille: 130cm x 60cm<\/p>\n<p>Comprend 2 supports d&rsquo;aspiration<\/p>\n<p><span class=\"\">Mat\u00e9riel: Devant r\u00e9fl\u00e9chissant argent\u00e9 avec support en mousse<\/span><\/p>\n","protected":false},"featured_media":871125301988,"template":"","meta":[],"product_brand":[],"product_cat":[108],"product_tag":[177,187,197],"class_list":{"0":"post-871125302538","1":"product","2":"type-product","3":"status-publish","4":"has-post-thumbnail","6":"product_cat-non-classe","7":"product_tag-accessoires-auto","8":"product_tag-dunlop","9":"product_tag-promo-2","10":"product_shipping_class-small-item-gls-only","12":"first","13":"instock","14":"sale","15":"taxable","16":"shipping-taxable","17":"purchasable","18":"product-type-simple"},"_links":{"self":[{"href":"https:\/\/mskasolutions.com\/fr\/wp-json\/wp\/v2\/product\/871125302538","targetHints":{"allow":["GET"]}}],"collection":[{"href":"https:\/\/mskasolutions.com\/fr\/wp-json\/wp\/v2\/product"}],"about":[{"href":"https:\/\/mskasolutions.com\/fr\/wp-json\/wp\/v2\/types\/product"}],"wp:featuredmedia":[{"embeddable":true,"href":"https:\/\/mskasolutions.com\/fr\/wp-json\/wp\/v2\/media\/871125301988"}],"wp:attachment":[{"href":"https:\/\/mskasolutions.com\/fr\/wp-json\/wp\/v2\/media?parent=871125302538"}],"wp:term":[{"taxonomy":"product_brand","embeddable":true,"href":"https:\/\/mskasolutions.com\/fr\/wp-json\/wp\/v2\/product_brand?post=871125302538"},{"taxonomy":"product_cat","embeddable":true,"href":"https:\/\/mskasolutions.com\/fr\/wp-json\/wp\/v2\/product_cat?post=871125302538"},{"taxonomy":"product_tag","embeddable":true,"href":"https:\/\/mskasolutions.com\/fr\/wp-json\/wp\/v2\/product_tag?post=871125302538"}],"curies":[{"name":"wp","href":"https:\/\/api.w.org\/{rel}","templated":true}]}}