{"id":871125302520,"date":"2019-08-25T15:33:30","date_gmt":"2019-08-25T13:33:30","guid":{"rendered":"https:\/\/mskasolutions.com\/?post_type=product&#038;p=871125302520"},"modified":"2025-06-06T09:36:03","modified_gmt":"2025-06-06T08:36:03","slug":"50-pack-blue-facemasks","status":"publish","type":"product","link":"https:\/\/mskasolutions.com\/fr\/produit\/50-pack-blue-facemasks\/","title":{"rendered":"Masque de protection m\u00e9diale &#8211; 3Ply Embout, sans latex &#8211; Jetable, Pack Qty 50 &#8211; Bleu"},"content":{"rendered":"<p>Masque de protection m\u00e9diale &#8211; 3Ply Embout, sans latex &#8211; Jetable, Pack Qty 50 &#8211; Bleu<\/p>\n<p>Les masques \u00e0 attache sont souvent pr\u00e9f\u00e9r\u00e9s par les professionnels de la sant\u00e9 qui portent des masques pendant de longues p\u00e9riodes afin d&rsquo;\u00e9viter les douleurs derri\u00e8re l&rsquo;oreille caus\u00e9es par les masques \u00e0 boucle. Lorsque vous avez besoin d&rsquo;un masque simple et facile \u00e0 porter, il est fabriqu\u00e9 \u00e0 partir d&rsquo;une structure protectrice \u00e0 trois couches, avec une face pliss\u00e9e et des sangles \u00e0 nouer. Ces masques pliss\u00e9s ne sont pas fabriqu\u00e9s avec du latex, ce qui r\u00e9duit le risque de r\u00e9actions toxiques et d&rsquo;irritation de la peau.<\/p>","protected":false},"excerpt":{"rendered":"<p>Masque de protection m\u00e9diale &#8211; 3Ply Embout, sans latex &#8211; Jetable, Pack Qty 50 &#8211; Bleu<\/p>\n<ul>\n<li>Mat\u00e9riau PP de haute qualit\u00e9, doux pour la peau, 3 couches &#8211; <strong>EN14683, TYPE IIR<\/strong><\/li>\n<li>Hautement perm\u00e9able \u00e0 l&rsquo;air, efficacit\u00e9 de filtration bact\u00e9rienne (BFE) &gt; 99 %.<\/li>\n<li>Conception confortable \u00e0 3 plis<\/li>\n<li>Pont nasal anatomique int\u00e9gr\u00e9 et r\u00e9glable<\/li>\n<li>Embout, sans latex<\/li>\n<li>17.5*9.5cm<\/li>\n<\/ul>\n","protected":false},"featured_media":871125306752,"template":"","meta":[],"product_brand":[],"product_cat":[215],"product_tag":[171,195,197],"class_list":{"0":"post-871125302520","1":"product","2":"type-product","3":"status-publish","4":"has-post-thumbnail","6":"product_cat-promo","7":"product_tag-hygiene-medicale","8":"product_tag-promo","9":"product_tag-promo-2","10":"product_shipping_class-small-item-gls-only","12":"first","13":"instock","14":"sale","15":"featured","16":"taxable","17":"shipping-taxable","18":"purchasable","19":"product-type-simple"},"_links":{"self":[{"href":"https:\/\/mskasolutions.com\/fr\/wp-json\/wp\/v2\/product\/871125302520","targetHints":{"allow":["GET"]}}],"collection":[{"href":"https:\/\/mskasolutions.com\/fr\/wp-json\/wp\/v2\/product"}],"about":[{"href":"https:\/\/mskasolutions.com\/fr\/wp-json\/wp\/v2\/types\/product"}],"wp:featuredmedia":[{"embeddable":true,"href":"https:\/\/mskasolutions.com\/fr\/wp-json\/wp\/v2\/media\/871125306752"}],"wp:attachment":[{"href":"https:\/\/mskasolutions.com\/fr\/wp-json\/wp\/v2\/media?parent=871125302520"}],"wp:term":[{"taxonomy":"product_brand","embeddable":true,"href":"https:\/\/mskasolutions.com\/fr\/wp-json\/wp\/v2\/product_brand?post=871125302520"},{"taxonomy":"product_cat","embeddable":true,"href":"https:\/\/mskasolutions.com\/fr\/wp-json\/wp\/v2\/product_cat?post=871125302520"},{"taxonomy":"product_tag","embeddable":true,"href":"https:\/\/mskasolutions.com\/fr\/wp-json\/wp\/v2\/product_tag?post=871125302520"}],"curies":[{"name":"wp","href":"https:\/\/api.w.org\/{rel}","templated":true}]}}