{"id":871125302509,"date":"2019-08-25T15:32:39","date_gmt":"2019-08-25T13:32:39","guid":{"rendered":"https:\/\/mskasolutions.com\/produit\/sangle-elastique-a-bagages-choix-de-3-longueurs-50cm-100cm-150cm\/"},"modified":"2023-07-29T12:27:47","modified_gmt":"2023-07-29T11:27:47","slug":"dunlop-luggage-straps-choice-of-3-lengths-50cm-60cm-150cm","status":"publish","type":"product","link":"https:\/\/mskasolutions.com\/fr\/produit\/dunlop-luggage-straps-choice-of-3-lengths-50cm-60cm-150cm\/","title":{"rendered":"Sangle \u00e9lastique \u00e0 bagages- Choix de 3 longueurs &#8211; 50cm, 60cm, 150cm"},"content":{"rendered":"<p><span id=\"result_box\" class=\"short_text\" lang=\"fr\"><span class=\"\">Dunlop bagages<\/span><\/span><\/p>\n<p><span id=\"result_box\" class=\"\" lang=\"fr\"><span class=\"\">S\u00e9curisez vos bagages avec ces sangles \u00e0 bagages Dunlop.<\/span> <span class=\"\">Ces classeurs de bagages peuvent \u00eatre coup\u00e9s de mani\u00e8re \u00e0 ce que votre charge soit toujours bien serr\u00e9e et fermement attach\u00e9e.<\/span><\/span><\/p>\n<p>Caract\u00e9ristiques:<br \/>\nCouleur jaune \/ rouge<br \/>\nMat\u00e9riel: nylon, \u00e9lasthanne<br \/>\nLongueur: 50cm, 60cm, 150cm<\/p>\n<p>Contenu:<br \/>\n<span class=\"\">2 Reliure \u00e0 bagages<\/span><\/p>","protected":false},"excerpt":{"rendered":"<p><span id=\"result_box\" class=\"\" lang=\"fr\"><span class=\"\">S\u00e9curisez vos bagages avec ces sangles \u00e0 bagages Dunlop.<\/span> <span class=\"\">Ces classeurs de bagages peuvent \u00eatre coup\u00e9s de mani\u00e8re \u00e0 ce que votre charge soit toujours bien serr\u00e9e et fermement attach\u00e9e.<\/span><\/span><\/p>\n<p>Caract\u00e9ristiques:<br \/>\nCouleur jaune \/ rouge<br \/>\nMat\u00e9riel: nylon, \u00e9lasthanne<br \/>\nLongueur: 50cm, 60cm, 150cm<\/p>\n<p>Contenu:<br \/>\n<span class=\"\">2 Reliure \u00e0 bagages<\/span><\/p>\n","protected":false},"featured_media":871125302503,"template":"","meta":[],"product_brand":[],"product_cat":[108],"product_tag":[177,187,197],"class_list":{"0":"post-871125302509","1":"product","2":"type-product","3":"status-publish","4":"has-post-thumbnail","6":"product_cat-non-classe","7":"product_tag-accessoires-auto","8":"product_tag-dunlop","9":"product_tag-promo-2","10":"product_shipping_class-small-item-gls-only","12":"first","13":"instock","14":"sale","15":"taxable","16":"shipping-taxable","17":"purchasable","18":"product-type-variable"},"_links":{"self":[{"href":"https:\/\/mskasolutions.com\/fr\/wp-json\/wp\/v2\/product\/871125302509","targetHints":{"allow":["GET"]}}],"collection":[{"href":"https:\/\/mskasolutions.com\/fr\/wp-json\/wp\/v2\/product"}],"about":[{"href":"https:\/\/mskasolutions.com\/fr\/wp-json\/wp\/v2\/types\/product"}],"wp:featuredmedia":[{"embeddable":true,"href":"https:\/\/mskasolutions.com\/fr\/wp-json\/wp\/v2\/media\/871125302503"}],"wp:attachment":[{"href":"https:\/\/mskasolutions.com\/fr\/wp-json\/wp\/v2\/media?parent=871125302509"}],"wp:term":[{"taxonomy":"product_brand","embeddable":true,"href":"https:\/\/mskasolutions.com\/fr\/wp-json\/wp\/v2\/product_brand?post=871125302509"},{"taxonomy":"product_cat","embeddable":true,"href":"https:\/\/mskasolutions.com\/fr\/wp-json\/wp\/v2\/product_cat?post=871125302509"},{"taxonomy":"product_tag","embeddable":true,"href":"https:\/\/mskasolutions.com\/fr\/wp-json\/wp\/v2\/product_tag?post=871125302509"}],"curies":[{"name":"wp","href":"https:\/\/api.w.org\/{rel}","templated":true}]}}