{"id":871125302502,"date":"2019-08-25T15:32:22","date_gmt":"2019-08-25T13:32:22","guid":{"rendered":"https:\/\/mskasolutions.com\/produit\/visiere-de-jour-et-de-nuit-hd\/"},"modified":"2022-07-13T15:26:48","modified_gmt":"2022-07-13T14:26:48","slug":"visiere-de-jour-et-de-nuit-hd","status":"publish","type":"product","link":"https:\/\/mskasolutions.com\/fr\/produit\/visiere-de-jour-et-de-nuit-hd\/","title":{"rendered":"Visi\u00e8re de Jour et de Nuit HD"},"content":{"rendered":"<p>les r\u00e9verb\u00e8res, la lumi\u00e8re du soleil, la lumi\u00e8re r\u00e9fl\u00e9chie &#8230; ils peuvent nous \u00e9blouir et alt\u00e9rer notre vision en tant que conducteurs. La visi\u00e8re de jour et de nuit haute d\u00e9finition r\u00e9sout le probl\u00e8me en \u00e9liminant les rayons UV et la lumi\u00e8re bleue ambiante pour r\u00e9duire l&rsquo;\u00e9blouissement et \u00e9claircir votre vue. En fait, il s&rsquo;agit en fait de deux visi\u00e8res: la premi\u00e8re visi\u00e8re filtre la lumi\u00e8re du soleil, les reflets et la lumi\u00e8re r\u00e9fl\u00e9chie pendant la journ\u00e9e, tandis que la seconde visi\u00e8re r\u00e9duit radicalement l&rsquo;\u00e9blouissement et l&rsquo;\u00e9blouissement de la nuit. Alterner entre les deux visi\u00e8res est simplement une question de les retourner de haut en bas. Se clipse sur votre visi\u00e8re, aucun outil requis. Il vous permet de voir avec plus de clart\u00e9 tout le temps et est moins fatiguant pour vos yeux.<\/p>\n<p>Mesures: L30xW13cm<\/p>","protected":false},"excerpt":{"rendered":"<p>les r\u00e9verb\u00e8res, la lumi\u00e8re du soleil, la lumi\u00e8re r\u00e9fl\u00e9chie &#8230; ils peuvent nous \u00e9blouir et alt\u00e9rer notre vision en tant que conducteurs. La visi\u00e8re de jour et de nuit haute d\u00e9finition r\u00e9sout le probl\u00e8me en \u00e9liminant les rayons UV et la lumi\u00e8re bleue ambiante pour r\u00e9duire l&rsquo;\u00e9blouissement et \u00e9claircir votre vue. En fait, il s&rsquo;agit en fait de deux visi\u00e8res: la premi\u00e8re visi\u00e8re filtre la lumi\u00e8re du soleil, les reflets et la lumi\u00e8re r\u00e9fl\u00e9chie pendant la journ\u00e9e, tandis que la seconde visi\u00e8re r\u00e9duit radicalement l&rsquo;\u00e9blouissement et l&rsquo;\u00e9blouissement de la nuit. Alterner entre les deux visi\u00e8res est simplement une question de les retourner de haut en bas. Se clipse sur votre visi\u00e8re, aucun outil requis. Il vous permet de voir avec plus de clart\u00e9 tout le temps et est moins fatiguant pour vos yeux.<\/p>\n<p>Mesures: L30xW13cm<\/p>\n","protected":false},"featured_media":871125302497,"template":"","meta":[],"product_brand":[],"product_cat":[108],"product_tag":[177],"class_list":{"0":"post-871125302502","1":"product","2":"type-product","3":"status-publish","4":"has-post-thumbnail","6":"product_cat-non-classe","7":"product_tag-accessoires-auto","8":"product_shipping_class-small-item-gls-only","10":"first","11":"instock","12":"sale","13":"taxable","14":"shipping-taxable","15":"purchasable","16":"product-type-simple"},"_links":{"self":[{"href":"https:\/\/mskasolutions.com\/fr\/wp-json\/wp\/v2\/product\/871125302502","targetHints":{"allow":["GET"]}}],"collection":[{"href":"https:\/\/mskasolutions.com\/fr\/wp-json\/wp\/v2\/product"}],"about":[{"href":"https:\/\/mskasolutions.com\/fr\/wp-json\/wp\/v2\/types\/product"}],"wp:featuredmedia":[{"embeddable":true,"href":"https:\/\/mskasolutions.com\/fr\/wp-json\/wp\/v2\/media\/871125302497"}],"wp:attachment":[{"href":"https:\/\/mskasolutions.com\/fr\/wp-json\/wp\/v2\/media?parent=871125302502"}],"wp:term":[{"taxonomy":"product_brand","embeddable":true,"href":"https:\/\/mskasolutions.com\/fr\/wp-json\/wp\/v2\/product_brand?post=871125302502"},{"taxonomy":"product_cat","embeddable":true,"href":"https:\/\/mskasolutions.com\/fr\/wp-json\/wp\/v2\/product_cat?post=871125302502"},{"taxonomy":"product_tag","embeddable":true,"href":"https:\/\/mskasolutions.com\/fr\/wp-json\/wp\/v2\/product_tag?post=871125302502"}],"curies":[{"name":"wp","href":"https:\/\/api.w.org\/{rel}","templated":true}]}}