{"id":871125302474,"date":"2019-08-25T15:30:40","date_gmt":"2019-08-25T14:30:40","guid":{"rendered":"https:\/\/mskasolutions.com\/produit\/zen-logic-extreme-haut-parleur-portable-bluetooth-radio-fm-4-couleurs-avec-bonus-gratuit-power-bank\/"},"modified":"2025-03-14T14:54:52","modified_gmt":"2025-03-14T14:54:52","slug":"zen-logic-extreme-4-colours-portable-bluetooth-mf-radio-speaker","status":"publish","type":"product","link":"https:\/\/mskasolutions.com\/fr\/produit\/zen-logic-extreme-4-colours-portable-bluetooth-mf-radio-speaker\/","title":{"rendered":"Zen Logic &#8211; Extreme Haut-parleur portable Bluetooth\/radio FM 4 &#8211; avec gratuit Banque d&rsquo;alimentation"},"content":{"rendered":"<p><strong><span id=\"result_box\" class=\"short_text\" lang=\"fr\"><span class=\"\">Choix de 4 couleurs<\/span><\/span>: Orange, Megenta, Bleu,\u00a0 Voilet<\/strong><\/p>\n<p>Zen Logic zl-emwpb haut-parleur Bluetooth avec Bonus Power Bank extr\u00eame en magenta, bleu, orange et violet. Haut-parleur Bluetooth portable avec haute d\u00e9finition son et une basse et une port\u00e9e sans fil de 33\u00a0pieds. Caract\u00e9ristiques Appareil appairage et 4\u00a0heures de temps de jeu une charge automatique, comprend \u00e9galement une fonction mains libres. High Impact coque en caoutchouc pour une meilleure r\u00e9sistance. Bonus 2600\u00a0mAh Power Bank inclus pour recharger en d\u00e9placement ou pour recharger d&rsquo;autres appareils. Alimentation par c\u00e2ble de charge inclus Batterie Li-ion rechargeable et inclus. Prise en charge Bluetooth V2.1\u00a0avec un maximum Bass haute def High Impact coque en caoutchouc entr\u00e9e audio 3,5\u00a0mm Radio FM fente pour carte jusqu&rsquo;\u00e0 4\u00a0heures de jeu 120\u00a0heures en veille TF\/Mini LED indicateur d&rsquo;office Office Office bouton Port\u00e9e sans fil\u202f: 33\u00a0pieds prend en charge automatique de contr\u00f4le volume num\u00e9rique Appareil micro port USB pour recharge batterie DC Alimentation\u202f: Batterie Lithium-Ion int\u00e9gr\u00e9e rechargeable \u00e9tui en cadeau emballage et comprend\u202f: 1\u00a0x Portable Bluetooth 1\u00a0x c\u00e2ble micro-USB vers USB 1\u00a0x imprim\u00e9 guide de l&rsquo;utilisateur 1\u00a0x Alpinisme clip 1\u00a0x c\u00e2ble dongle (pour accrocher) 1\u00a0bonus gratuit 2600\u00a0mAh Power Bank Garantie 1\u00a0an<\/p>","protected":false},"excerpt":{"rendered":"<ul>\n<li>Haut-parleur Bluetooth portable avec 33\u00a0pi port\u00e9e sans fil<\/li>\n<li>Aliment\u00e9 par batterie Li-ion rechargeable<\/li>\n<li>4\u00a0heures de temps de jeu une charge<\/li>\n<li>C\u00e2ble de charge USB vers Micro USB<\/li>\n<li>2600\u00a0mAh Power Bank \u2013 normalement 14.90\u20ac<\/li>\n<\/ul>\n","protected":false},"featured_media":871125302465,"template":"","meta":[],"product_brand":[],"product_cat":[108],"product_tag":[181,185,195],"class_list":{"0":"post-871125302474","1":"product","2":"type-product","3":"status-publish","4":"has-post-thumbnail","6":"product_cat-non-classe","7":"product_tag-electromenager-et-cuisine","8":"product_tag-jouets","9":"product_tag-promo","10":"product_shipping_class-small-item-gls-only","12":"first","13":"instock","14":"sale","15":"taxable","16":"shipping-taxable","17":"purchasable","18":"product-type-variable"},"_links":{"self":[{"href":"https:\/\/mskasolutions.com\/fr\/wp-json\/wp\/v2\/product\/871125302474","targetHints":{"allow":["GET"]}}],"collection":[{"href":"https:\/\/mskasolutions.com\/fr\/wp-json\/wp\/v2\/product"}],"about":[{"href":"https:\/\/mskasolutions.com\/fr\/wp-json\/wp\/v2\/types\/product"}],"wp:featuredmedia":[{"embeddable":true,"href":"https:\/\/mskasolutions.com\/fr\/wp-json\/wp\/v2\/media\/871125302465"}],"wp:attachment":[{"href":"https:\/\/mskasolutions.com\/fr\/wp-json\/wp\/v2\/media?parent=871125302474"}],"wp:term":[{"taxonomy":"product_brand","embeddable":true,"href":"https:\/\/mskasolutions.com\/fr\/wp-json\/wp\/v2\/product_brand?post=871125302474"},{"taxonomy":"product_cat","embeddable":true,"href":"https:\/\/mskasolutions.com\/fr\/wp-json\/wp\/v2\/product_cat?post=871125302474"},{"taxonomy":"product_tag","embeddable":true,"href":"https:\/\/mskasolutions.com\/fr\/wp-json\/wp\/v2\/product_tag?post=871125302474"}],"curies":[{"name":"wp","href":"https:\/\/api.w.org\/{rel}","templated":true}]}}