{"id":871125302463,"date":"2019-08-25T15:30:19","date_gmt":"2019-08-25T14:30:19","guid":{"rendered":"https:\/\/mskasolutions.com\/produit\/dunlop-40pcs-trousse-de-depannage-pour-voiture\/"},"modified":"2023-03-08T16:31:45","modified_gmt":"2023-03-08T16:31:45","slug":"dunlop-40pcs-emergency-set","status":"publish","type":"product","link":"https:\/\/mskasolutions.com\/fr\/produit\/dunlop-40pcs-emergency-set\/","title":{"rendered":"Dunlop 40pcs &#8211; TROUSSE DE D\u00c9PANNAGE POUR VOITURE"},"content":{"rendered":"<p><span id=\"result_box\" class=\"\" lang=\"fr\"><span class=\"\">Set d&rsquo;urgence Dunlop pour la voiture<\/span><br \/>\n<span class=\"\">Dimensions du produit: &#8211; 40x30x4cm<\/span><br \/>\n<span class=\"\">Avec ce kit d\u2019urgence, vous disposez toujours du mat\u00e9riel ad\u00e9quat pour pr\u00e9parer votre voiture au mauvais sort.<\/span><\/span><\/p>\n<p>Caract\u00e9ristiques:<br \/>\nCouleur: multicolore<br \/>\nMat\u00e9riel lampes: verre<br \/>\nMat\u00e9riau glisser: nylon<br \/>\nMati\u00e8re gilet de s\u00e9curit\u00e9: polyester<br \/>\n<span class=\"\">Bouchon de carburant de secours: plastique<\/span><br \/>\n<span class=\"\">Dimensions de l&#8217;emballage: 20 x 30 x 7 cm (L xlxx)<\/span><br \/>\n<span class=\"\">Approuv\u00e9 par l&rsquo;UE: oui, norme EN20471<\/span><\/p>\n<p>Contenu:<br \/>\n1 c\u00e2ble de remorquage<br \/>\n1 gilet de s\u00e9curit\u00e9<br \/>\n1 jeu de fusibles (26 pi\u00e8ces)<br \/>\n1 bouchon d&rsquo;essence<br \/>\n1 paire de gants<br \/>\n1 jeu de lampes (8 pi\u00e8ces)<\/p>","protected":false},"excerpt":{"rendered":"<p><span id=\"result_box\" class=\"\" lang=\"fr\">Contenu:<br \/>\n1 c\u00e2ble de remorquage<br \/>\n1 gilet de s\u00e9curit\u00e9<br \/>\n1 jeu de fusibles (26 pi\u00e8ces)<br \/>\n1 bouchon d&rsquo;essence<br \/>\n1 paire de gants<br \/>\n1 jeu de lampes (8 pi\u00e8ces)<\/span><\/p>\n","protected":false},"featured_media":871125305989,"template":"","meta":[],"product_brand":[],"product_cat":[108,215],"product_tag":[177,187,195],"class_list":{"0":"post-871125302463","1":"product","2":"type-product","3":"status-publish","4":"has-post-thumbnail","6":"product_cat-non-classe","7":"product_cat-promo","8":"product_tag-accessoires-auto","9":"product_tag-dunlop","10":"product_tag-promo","11":"product_shipping_class-small-item-gls-only","13":"first","14":"instock","15":"sale","16":"taxable","17":"shipping-taxable","18":"purchasable","19":"product-type-simple"},"_links":{"self":[{"href":"https:\/\/mskasolutions.com\/fr\/wp-json\/wp\/v2\/product\/871125302463","targetHints":{"allow":["GET"]}}],"collection":[{"href":"https:\/\/mskasolutions.com\/fr\/wp-json\/wp\/v2\/product"}],"about":[{"href":"https:\/\/mskasolutions.com\/fr\/wp-json\/wp\/v2\/types\/product"}],"wp:featuredmedia":[{"embeddable":true,"href":"https:\/\/mskasolutions.com\/fr\/wp-json\/wp\/v2\/media\/871125305989"}],"wp:attachment":[{"href":"https:\/\/mskasolutions.com\/fr\/wp-json\/wp\/v2\/media?parent=871125302463"}],"wp:term":[{"taxonomy":"product_brand","embeddable":true,"href":"https:\/\/mskasolutions.com\/fr\/wp-json\/wp\/v2\/product_brand?post=871125302463"},{"taxonomy":"product_cat","embeddable":true,"href":"https:\/\/mskasolutions.com\/fr\/wp-json\/wp\/v2\/product_cat?post=871125302463"},{"taxonomy":"product_tag","embeddable":true,"href":"https:\/\/mskasolutions.com\/fr\/wp-json\/wp\/v2\/product_tag?post=871125302463"}],"curies":[{"name":"wp","href":"https:\/\/api.w.org\/{rel}","templated":true}]}}